{"id":2791,"date":"2022-06-07T07:12:54","date_gmt":"2022-06-07T07:12:54","guid":{"rendered":"https:\/\/www.yrts.info\/a-propos-de\/"},"modified":"2022-09-21T15:22:06","modified_gmt":"2022-09-21T15:22:06","slug":"a-propos-de","status":"publish","type":"page","link":"https:\/\/www.yrts.info\/fr\/a-propos-de\/","title":{"rendered":"\u00c0 propos"},"content":{"rendered":"\t\t<div data-elementor-type=\"wp-page\" data-elementor-id=\"2791\" class=\"elementor elementor-2791 elementor-2086\">\n\t\t\t\t\t\t<section class=\"elementor-section elementor-top-section elementor-element elementor-element-78fb1faf elementor-section-height-min-height elementor-section-boxed elementor-section-height-default elementor-section-items-middle\" data-id=\"78fb1faf\" data-element_type=\"section\" data-e-type=\"section\" data-settings=\"{&quot;animation&quot;:&quot;none&quot;,&quot;background_background&quot;:&quot;classic&quot;}\">\n\t\t\t\t\t\t\t<div class=\"elementor-background-overlay\"><\/div>\n\t\t\t\t\t\t\t<div class=\"elementor-container elementor-column-gap-default\">\n\t\t\t\t\t<div class=\"elementor-column elementor-col-100 elementor-top-column elementor-element elementor-element-7e9081d\" data-id=\"7e9081d\" data-element_type=\"column\" data-e-type=\"column\">\n\t\t\t<div class=\"elementor-widget-wrap elementor-element-populated\">\n\t\t\t\t\t\t<div class=\"elementor-element elementor-element-388a2b7d elementor-widget elementor-widget-heading\" data-id=\"388a2b7d\" data-element_type=\"widget\" data-e-type=\"widget\" data-widget_type=\"heading.default\">\n\t\t\t\t<div class=\"elementor-widget-container\">\n\t\t\t\t\t<h1 class=\"elementor-heading-title elementor-size-default\">\u00c0 PROPOS<\/h1>\t\t\t\t<\/div>\n\t\t\t\t<\/div>\n\t\t\t\t\t<\/div>\n\t\t<\/div>\n\t\t\t\t\t<\/div>\n\t\t<\/section>\n\t\t\t\t<section class=\"elementor-section elementor-top-section elementor-element elementor-element-aa0b765 elementor-section-boxed elementor-section-height-default elementor-section-height-default\" data-id=\"aa0b765\" data-element_type=\"section\" data-e-type=\"section\">\n\t\t\t\t\t\t<div class=\"elementor-container elementor-column-gap-default\">\n\t\t\t\t\t<div class=\"elementor-column elementor-col-50 elementor-top-column elementor-element elementor-element-82806dd\" data-id=\"82806dd\" data-element_type=\"column\" data-e-type=\"column\">\n\t\t\t<div class=\"elementor-widget-wrap elementor-element-populated\">\n\t\t\t\t\t\t<div class=\"elementor-element elementor-element-9a57016 elementor-widget elementor-widget-heading\" data-id=\"9a57016\" data-element_type=\"widget\" data-e-type=\"widget\" data-widget_type=\"heading.default\">\n\t\t\t\t<div class=\"elementor-widget-container\">\n\t\t\t\t\t<h2 class=\"elementor-heading-title elementor-size-default\">Les mises \u00e0 jour automatiques peuvent bloquer votre imprimante et vous faire perdre du temps et de l'argent.<\/h2>\t\t\t\t<\/div>\n\t\t\t\t<\/div>\n\t\t\t\t<div class=\"elementor-element elementor-element-5a02b5d elementor-widget elementor-widget-text-editor\" data-id=\"5a02b5d\" data-element_type=\"widget\" data-e-type=\"widget\" data-widget_type=\"text-editor.default\">\n\t\t\t\t<div class=\"elementor-widget-container\">\n\t\t\t\t\t\t\t\t\t<p><strong>Les cartouches alternatives ont \u00e9t\u00e9 con\u00e7ues pour rendre l&#8217;impression plus abordable,<\/strong> mais les fabricants d&#8217;imprimantes ont d\u00e9cid\u00e9 qu&#8217;ils voulaient vous faire payer le gros prix, en d\u00e9ployant une technologie qui bloque nos produits. Voici comment:<\/p>\t\t\t\t\t\t\t\t<\/div>\n\t\t\t\t<\/div>\n\t\t\t\t<div class=\"elementor-element elementor-element-73a263b elementor-widget elementor-widget-text-editor\" data-id=\"73a263b\" data-element_type=\"widget\" data-e-type=\"widget\" data-widget_type=\"text-editor.default\">\n\t\t\t\t<div class=\"elementor-widget-container\">\n\t\t\t\t\t\t\t\t\t<p>Le <strong>param\u00e8tre par d\u00e9faut<\/strong> d&#8217;une imprimante active les <strong>mises \u00e0 jour automatiques du micrologiciel<\/strong>, de sorte qu&#8217;elles se produisent \u00e0 votre insu et sans votre consentement. Cela semble pratique, mais en r\u00e9alit\u00e9 ce ne l&#8217;est pas. Ces mises \u00e0 jour n&#8217;ont qu&#8217;un seul but : <strong>d\u00e9tecter et bloquer l&#8217;utilisation de cartouches alternatives<\/strong>, vous obligeant \u00e0 acheter les cartouches originales, co\u00fbteuses, vendues par le fabricant de l&#8217;imprimante. En bloquant les cartouches alternatives, les <strong>mises \u00e0 jour automatiques du micrologiciel de<\/strong> votre imprimante <strong>augmenteront consid\u00e9rablement vos d\u00e9penses d&#8217;impression et vous priveront de votre droit d&#8217;\u00e9conomiser.<\/strong><\/p>\t\t\t\t\t\t\t\t<\/div>\n\t\t\t\t<\/div>\n\t\t\t\t\t<\/div>\n\t\t<\/div>\n\t\t\t\t<div class=\"elementor-column elementor-col-50 elementor-top-column elementor-element elementor-element-54fa9ef\" data-id=\"54fa9ef\" data-element_type=\"column\" data-e-type=\"column\">\n\t\t\t<div class=\"elementor-widget-wrap elementor-element-populated\">\n\t\t\t\t\t\t<div class=\"elementor-element elementor-element-eaae692 elementor-widget elementor-widget-image\" data-id=\"eaae692\" data-element_type=\"widget\" data-e-type=\"widget\" data-widget_type=\"image.default\">\n\t\t\t\t<div class=\"elementor-widget-container\">\n\t\t\t\t\t\t\t\t\t\t\t\t\t\t\t<img fetchpriority=\"high\" decoding=\"async\" width=\"600\" height=\"600\" src=\"https:\/\/www.yrts.info\/wp-content\/uploads\/2022\/06\/yr_a1.jpg\" class=\"attachment-large size-large wp-image-2762\" alt=\"\" srcset=\"https:\/\/www.yrts.info\/wp-content\/uploads\/2022\/06\/yr_a1.jpg 600w, https:\/\/www.yrts.info\/wp-content\/uploads\/2022\/06\/yr_a1-300x300.jpg 300w, https:\/\/www.yrts.info\/wp-content\/uploads\/2022\/06\/yr_a1-150x150.jpg 150w\" sizes=\"(max-width: 600px) 100vw, 600px\" \/>\t\t\t\t\t\t\t\t\t\t\t\t\t\t\t<\/div>\n\t\t\t\t<\/div>\n\t\t\t\t\t<\/div>\n\t\t<\/div>\n\t\t\t\t\t<\/div>\n\t\t<\/section>\n\t\t\t\t<section class=\"elementor-section elementor-top-section elementor-element elementor-element-5d97fa5 elementor-section-boxed elementor-section-height-default elementor-section-height-default\" data-id=\"5d97fa5\" data-element_type=\"section\" data-e-type=\"section\">\n\t\t\t\t\t\t<div class=\"elementor-container elementor-column-gap-default\">\n\t\t\t\t\t<div class=\"elementor-column elementor-col-50 elementor-top-column elementor-element elementor-element-d93f0bd\" data-id=\"d93f0bd\" data-element_type=\"column\" data-e-type=\"column\">\n\t\t\t<div class=\"elementor-widget-wrap elementor-element-populated\">\n\t\t\t\t\t\t<div class=\"elementor-element elementor-element-8984786 elementor-widget elementor-widget-image\" data-id=\"8984786\" data-element_type=\"widget\" data-e-type=\"widget\" data-widget_type=\"image.default\">\n\t\t\t\t<div class=\"elementor-widget-container\">\n\t\t\t\t\t\t\t\t\t\t\t\t\t\t\t<img decoding=\"async\" width=\"600\" height=\"600\" src=\"https:\/\/www.yrts.info\/wp-content\/uploads\/2022\/06\/yr_a22.jpg\" class=\"attachment-full size-full wp-image-2763\" alt=\"\" srcset=\"https:\/\/www.yrts.info\/wp-content\/uploads\/2022\/06\/yr_a22.jpg 600w, https:\/\/www.yrts.info\/wp-content\/uploads\/2022\/06\/yr_a22-300x300.jpg 300w, https:\/\/www.yrts.info\/wp-content\/uploads\/2022\/06\/yr_a22-150x150.jpg 150w\" sizes=\"(max-width: 600px) 100vw, 600px\" \/>\t\t\t\t\t\t\t\t\t\t\t\t\t\t\t<\/div>\n\t\t\t\t<\/div>\n\t\t\t\t\t<\/div>\n\t\t<\/div>\n\t\t\t\t<div class=\"elementor-column elementor-col-50 elementor-top-column elementor-element elementor-element-b8ea7ee\" data-id=\"b8ea7ee\" data-element_type=\"column\" data-e-type=\"column\">\n\t\t\t<div class=\"elementor-widget-wrap elementor-element-populated\">\n\t\t\t\t\t\t<div class=\"elementor-element elementor-element-913acea elementor-widget elementor-widget-heading\" data-id=\"913acea\" data-element_type=\"widget\" data-e-type=\"widget\" data-widget_type=\"heading.default\">\n\t\t\t\t<div class=\"elementor-widget-container\">\n\t\t\t\t\t<h2 class=\"elementor-heading-title elementor-size-default\">Les cartouches alternatives sont efficaces, l\u00e9gales et accessibles.<\/h2>\t\t\t\t<\/div>\n\t\t\t\t<\/div>\n\t\t\t\t<div class=\"elementor-element elementor-element-5568728 elementor-widget elementor-widget-text-editor\" data-id=\"5568728\" data-element_type=\"widget\" data-e-type=\"widget\" data-widget_type=\"text-editor.default\">\n\t\t\t\t<div class=\"elementor-widget-container\">\n\t\t\t\t\t\t\t\t\t<p>Si cette mise \u00e0 jour automatique se produit, et que vous utilisez des cartouches alternatives, vous pouvez lire sur l&#8217;\u00e9cran de votre imprimante ou de votre ordinateur : <strong>**Canot Detect or No Toner**.<\/strong><\/p>\t\t\t\t\t\t\t\t<\/div>\n\t\t\t\t<\/div>\n\t\t\t\t<div class=\"elementor-element elementor-element-64a7c13 elementor-widget elementor-widget-text-editor\" data-id=\"64a7c13\" data-element_type=\"widget\" data-e-type=\"widget\" data-widget_type=\"text-editor.default\">\n\t\t\t\t<div class=\"elementor-widget-container\">\n\t\t\t\t\t\t\t\t\t<p>Suite \u00e0 cette mise \u00e0 jour, vous devrez renvoyer vos cartouches, attendre les remplacements appropri\u00e9s et acheter des cartouches originales au prix fort, pour continuer \u00e0 imprimer en attendant.<\/p>\n<p>C&#8217;est un <strong>gaspillage de votre temps<\/strong>, de <strong>vos<\/strong> <strong>ressources<\/strong> et de votre <strong>argent<\/strong>.<\/p>\t\t\t\t\t\t\t\t<\/div>\n\t\t\t\t<\/div>\n\t\t\t\t<div class=\"elementor-element elementor-element-e9aa7e2 elementor-widget elementor-widget-text-editor\" data-id=\"e9aa7e2\" data-element_type=\"widget\" data-e-type=\"widget\" data-widget_type=\"text-editor.default\">\n\t\t\t\t<div class=\"elementor-widget-container\">\n\t\t\t\t\t\t\t\t\t<p>Pour <strong>continuer \u00e0 \u00e9conomiser<\/strong> et \u00e9viter ces situations inacceptables, il suffit de <strong>d\u00e9sactiver la fonction &#8220;Firmware Auto Check&#8221;.<\/strong><\/p>\t\t\t\t\t\t\t\t<\/div>\n\t\t\t\t<\/div>\n\t\t\t\t<div class=\"elementor-element elementor-element-4851009 elementor-widget elementor-widget-text-editor\" data-id=\"4851009\" data-element_type=\"widget\" data-e-type=\"widget\" data-widget_type=\"text-editor.default\">\n\t\t\t\t<div class=\"elementor-widget-container\">\n\t\t\t\t\t\t\t\t\t<p>Si vous avez des questions ou des pr\u00e9occupations, ou si vous avez besoin d&#8217;aide avec la proc\u00e9dure, veuillez <span style=\"text-decoration: underline;\"><br>\n  <a href=\"https:\/\/www.yrts.info\/fr\/?page_id=2788\">Nous contacter<\/a><br>\n<\/span><\/p>\n<p><strong>Nous sommes l\u00e0 pour vous.<\/strong><\/p>\t\t\t\t\t\t\t\t<\/div>\n\t\t\t\t<\/div>\n\t\t\t\t<div class=\"elementor-element elementor-element-b83e953 elementor-widget elementor-widget-text-editor\" data-id=\"b83e953\" data-element_type=\"widget\" data-e-type=\"widget\" data-widget_type=\"text-editor.default\">\n\t\t\t\t<div class=\"elementor-widget-container\">\n\t\t\t\t\t\t\t\t\t<p>Ne laissez pas les mises \u00e0 jour automatiques vous priver de <strong>votre droit d&#8217;\u00e9conomiser.<\/strong><\/p>\t\t\t\t\t\t\t\t<\/div>\n\t\t\t\t<\/div>\n\t\t\t\t\t<\/div>\n\t\t<\/div>\n\t\t\t\t\t<\/div>\n\t\t<\/section>\n\t\t\t\t<\/div>\n\t\t","protected":false},"excerpt":{"rendered":"<p>\u00c0 PROPOS Les mises \u00e0 jour automatiques peuvent bloquer votre imprimante et vous faire perdre du temps et de l&#8217;argent. Les cartouches alternatives ont \u00e9t\u00e9 con\u00e7ues pour rendre l&#8217;impression plus abordable, mais les fabricants d&#8217;imprimantes ont d\u00e9cid\u00e9 qu&#8217;ils voulaient vous faire payer le gros prix, en d\u00e9ployant une technologie qui bloque nos produits. Voici comment: [&hellip;]<\/p>\n","protected":false},"author":1,"featured_media":0,"parent":0,"menu_order":0,"comment_status":"closed","ping_status":"closed","template":"elementor_header_footer","meta":{"footnotes":""},"class_list":["post-2791","page","type-page","status-publish","hentry"],"yoast_head":"<!-- This site is optimized with the Yoast SEO plugin v27.4 - https:\/\/yoast.com\/product\/yoast-seo-wordpress\/ -->\n<title>\u00c0 propos - YRTS<\/title>\n<meta name=\"robots\" content=\"index, follow, max-snippet:-1, max-image-preview:large, max-video-preview:-1\" \/>\n<link rel=\"canonical\" href=\"https:\/\/www.yrts.info\/fr\/a-propos-de\/\" \/>\n<meta property=\"og:locale\" content=\"fr_FR\" \/>\n<meta property=\"og:type\" content=\"article\" \/>\n<meta property=\"og:title\" content=\"\u00c0 propos - YRTS\" \/>\n<meta property=\"og:description\" content=\"\u00c0 PROPOS Les mises \u00e0 jour automatiques peuvent bloquer votre imprimante et vous faire perdre du temps et de l&#8217;argent. Les cartouches alternatives ont \u00e9t\u00e9 con\u00e7ues pour rendre l&#8217;impression plus abordable, mais les fabricants d&#8217;imprimantes ont d\u00e9cid\u00e9 qu&#8217;ils voulaient vous faire payer le gros prix, en d\u00e9ployant une technologie qui bloque nos produits. Voici comment: [&hellip;]\" \/>\n<meta property=\"og:url\" content=\"https:\/\/www.yrts.info\/fr\/a-propos-de\/\" \/>\n<meta property=\"og:site_name\" content=\"YRTS\" \/>\n<meta property=\"article:modified_time\" content=\"2022-09-21T15:22:06+00:00\" \/>\n<meta property=\"og:image\" content=\"https:\/\/www.yrts.info\/wp-content\/uploads\/2022\/06\/yr_a1.jpg\" \/>\n\t<meta property=\"og:image:width\" content=\"600\" \/>\n\t<meta property=\"og:image:height\" content=\"600\" \/>\n\t<meta property=\"og:image:type\" content=\"image\/jpeg\" \/>\n<meta name=\"twitter:card\" content=\"summary_large_image\" \/>\n<meta name=\"twitter:label1\" content=\"Dur\u00e9e de lecture estim\u00e9e\" \/>\n\t<meta name=\"twitter:data1\" content=\"1 minute\" \/>\n<script type=\"application\/ld+json\" class=\"yoast-schema-graph\">{\"@context\":\"https:\\\/\\\/schema.org\",\"@graph\":[{\"@type\":\"WebPage\",\"@id\":\"https:\\\/\\\/www.yrts.info\\\/fr\\\/a-propos-de\\\/\",\"url\":\"https:\\\/\\\/www.yrts.info\\\/fr\\\/a-propos-de\\\/\",\"name\":\"\u00c0 propos - YRTS\",\"isPartOf\":{\"@id\":\"https:\\\/\\\/www.yrts.info\\\/#website\"},\"primaryImageOfPage\":{\"@id\":\"https:\\\/\\\/www.yrts.info\\\/fr\\\/a-propos-de\\\/#primaryimage\"},\"image\":{\"@id\":\"https:\\\/\\\/www.yrts.info\\\/fr\\\/a-propos-de\\\/#primaryimage\"},\"thumbnailUrl\":\"https:\\\/\\\/www.yrts.info\\\/wp-content\\\/uploads\\\/2022\\\/06\\\/yr_a1.jpg\",\"datePublished\":\"2022-06-07T07:12:54+00:00\",\"dateModified\":\"2022-09-21T15:22:06+00:00\",\"breadcrumb\":{\"@id\":\"https:\\\/\\\/www.yrts.info\\\/fr\\\/a-propos-de\\\/#breadcrumb\"},\"inLanguage\":\"fr-FR\",\"potentialAction\":[{\"@type\":\"ReadAction\",\"target\":[\"https:\\\/\\\/www.yrts.info\\\/fr\\\/a-propos-de\\\/\"]}]},{\"@type\":\"ImageObject\",\"inLanguage\":\"fr-FR\",\"@id\":\"https:\\\/\\\/www.yrts.info\\\/fr\\\/a-propos-de\\\/#primaryimage\",\"url\":\"https:\\\/\\\/www.yrts.info\\\/wp-content\\\/uploads\\\/2022\\\/06\\\/yr_a1.jpg\",\"contentUrl\":\"https:\\\/\\\/www.yrts.info\\\/wp-content\\\/uploads\\\/2022\\\/06\\\/yr_a1.jpg\"},{\"@type\":\"BreadcrumbList\",\"@id\":\"https:\\\/\\\/www.yrts.info\\\/fr\\\/a-propos-de\\\/#breadcrumb\",\"itemListElement\":[{\"@type\":\"ListItem\",\"position\":1,\"name\":\"Home\",\"item\":\"https:\\\/\\\/www.yrts.info\\\/\"},{\"@type\":\"ListItem\",\"position\":2,\"name\":\"\u00c0 propos\"}]},{\"@type\":\"WebSite\",\"@id\":\"https:\\\/\\\/www.yrts.info\\\/#website\",\"url\":\"https:\\\/\\\/www.yrts.info\\\/\",\"name\":\"YRTS\",\"description\":\"Your Right To Save\",\"potentialAction\":[{\"@type\":\"SearchAction\",\"target\":{\"@type\":\"EntryPoint\",\"urlTemplate\":\"https:\\\/\\\/www.yrts.info\\\/?s={search_term_string}\"},\"query-input\":{\"@type\":\"PropertyValueSpecification\",\"valueRequired\":true,\"valueName\":\"search_term_string\"}}],\"inLanguage\":\"fr-FR\"}]}<\/script>\n<!-- \/ Yoast SEO plugin. -->","yoast_head_json":{"title":"\u00c0 propos - YRTS","robots":{"index":"index","follow":"follow","max-snippet":"max-snippet:-1","max-image-preview":"max-image-preview:large","max-video-preview":"max-video-preview:-1"},"canonical":"https:\/\/www.yrts.info\/fr\/a-propos-de\/","og_locale":"fr_FR","og_type":"article","og_title":"\u00c0 propos - YRTS","og_description":"\u00c0 PROPOS Les mises \u00e0 jour automatiques peuvent bloquer votre imprimante et vous faire perdre du temps et de l&#8217;argent. Les cartouches alternatives ont \u00e9t\u00e9 con\u00e7ues pour rendre l&#8217;impression plus abordable, mais les fabricants d&#8217;imprimantes ont d\u00e9cid\u00e9 qu&#8217;ils voulaient vous faire payer le gros prix, en d\u00e9ployant une technologie qui bloque nos produits. Voici comment: [&hellip;]","og_url":"https:\/\/www.yrts.info\/fr\/a-propos-de\/","og_site_name":"YRTS","article_modified_time":"2022-09-21T15:22:06+00:00","og_image":[{"width":600,"height":600,"url":"https:\/\/www.yrts.info\/wp-content\/uploads\/2022\/06\/yr_a1.jpg","type":"image\/jpeg"}],"twitter_card":"summary_large_image","twitter_misc":{"Dur\u00e9e de lecture estim\u00e9e":"1 minute"},"schema":{"@context":"https:\/\/schema.org","@graph":[{"@type":"WebPage","@id":"https:\/\/www.yrts.info\/fr\/a-propos-de\/","url":"https:\/\/www.yrts.info\/fr\/a-propos-de\/","name":"\u00c0 propos - YRTS","isPartOf":{"@id":"https:\/\/www.yrts.info\/#website"},"primaryImageOfPage":{"@id":"https:\/\/www.yrts.info\/fr\/a-propos-de\/#primaryimage"},"image":{"@id":"https:\/\/www.yrts.info\/fr\/a-propos-de\/#primaryimage"},"thumbnailUrl":"https:\/\/www.yrts.info\/wp-content\/uploads\/2022\/06\/yr_a1.jpg","datePublished":"2022-06-07T07:12:54+00:00","dateModified":"2022-09-21T15:22:06+00:00","breadcrumb":{"@id":"https:\/\/www.yrts.info\/fr\/a-propos-de\/#breadcrumb"},"inLanguage":"fr-FR","potentialAction":[{"@type":"ReadAction","target":["https:\/\/www.yrts.info\/fr\/a-propos-de\/"]}]},{"@type":"ImageObject","inLanguage":"fr-FR","@id":"https:\/\/www.yrts.info\/fr\/a-propos-de\/#primaryimage","url":"https:\/\/www.yrts.info\/wp-content\/uploads\/2022\/06\/yr_a1.jpg","contentUrl":"https:\/\/www.yrts.info\/wp-content\/uploads\/2022\/06\/yr_a1.jpg"},{"@type":"BreadcrumbList","@id":"https:\/\/www.yrts.info\/fr\/a-propos-de\/#breadcrumb","itemListElement":[{"@type":"ListItem","position":1,"name":"Home","item":"https:\/\/www.yrts.info\/"},{"@type":"ListItem","position":2,"name":"\u00c0 propos"}]},{"@type":"WebSite","@id":"https:\/\/www.yrts.info\/#website","url":"https:\/\/www.yrts.info\/","name":"YRTS","description":"Your Right To Save","potentialAction":[{"@type":"SearchAction","target":{"@type":"EntryPoint","urlTemplate":"https:\/\/www.yrts.info\/?s={search_term_string}"},"query-input":{"@type":"PropertyValueSpecification","valueRequired":true,"valueName":"search_term_string"}}],"inLanguage":"fr-FR"}]}},"_links":{"self":[{"href":"https:\/\/www.yrts.info\/fr\/wp-json\/wp\/v2\/pages\/2791","targetHints":{"allow":["GET"]}}],"collection":[{"href":"https:\/\/www.yrts.info\/fr\/wp-json\/wp\/v2\/pages"}],"about":[{"href":"https:\/\/www.yrts.info\/fr\/wp-json\/wp\/v2\/types\/page"}],"author":[{"embeddable":true,"href":"https:\/\/www.yrts.info\/fr\/wp-json\/wp\/v2\/users\/1"}],"replies":[{"embeddable":true,"href":"https:\/\/www.yrts.info\/fr\/wp-json\/wp\/v2\/comments?post=2791"}],"version-history":[{"count":1,"href":"https:\/\/www.yrts.info\/fr\/wp-json\/wp\/v2\/pages\/2791\/revisions"}],"predecessor-version":[{"id":3202,"href":"https:\/\/www.yrts.info\/fr\/wp-json\/wp\/v2\/pages\/2791\/revisions\/3202"}],"wp:attachment":[{"href":"https:\/\/www.yrts.info\/fr\/wp-json\/wp\/v2\/media?parent=2791"}],"curies":[{"name":"wp","href":"https:\/\/api.w.org\/{rel}","templated":true}]}}