{"id":9718,"date":"2026-01-05T20:00:09","date_gmt":"2026-01-05T20:00:09","guid":{"rendered":"https:\/\/www.yrts.info\/programme-yrts-2\/"},"modified":"2026-03-16T15:43:18","modified_gmt":"2026-03-16T15:43:18","slug":"programme-yrts-2","status":"publish","type":"page","link":"https:\/\/www.yrts.info\/fr\/programme-yrts-2\/","title":{"rendered":"Programme YRTS"},"content":{"rendered":"\t\t<div data-elementor-type=\"wp-page\" data-elementor-id=\"9718\" class=\"elementor elementor-9718 elementor-9084\">\n\t\t\t\t\t\t<section class=\"elementor-section elementor-top-section elementor-element elementor-element-338f755 elementor-section-boxed elementor-section-height-default elementor-section-height-default\" data-id=\"338f755\" data-element_type=\"section\" data-e-type=\"section\" data-settings=\"{&quot;background_background&quot;:&quot;classic&quot;}\">\n\t\t\t\t\t\t\t<div class=\"elementor-background-overlay\"><\/div>\n\t\t\t\t\t\t\t<div class=\"elementor-container elementor-column-gap-default\">\n\t\t\t\t\t<div class=\"elementor-column elementor-col-100 elementor-top-column elementor-element elementor-element-e8e809c\" data-id=\"e8e809c\" data-element_type=\"column\" data-e-type=\"column\" data-settings=\"{&quot;background_background&quot;:&quot;classic&quot;}\">\n\t\t\t<div class=\"elementor-widget-wrap elementor-element-populated\">\n\t\t\t\t\t\t<div class=\"elementor-element elementor-element-dad9f7c elementor-widget elementor-widget-heading\" data-id=\"dad9f7c\" data-element_type=\"widget\" data-e-type=\"widget\" data-widget_type=\"heading.default\">\n\t\t\t\t<div class=\"elementor-widget-container\">\n\t\t\t\t\t<h2 class=\"elementor-heading-title elementor-size-default\">DITES ''NON'' \naux mises \u00e0 jour \nautomatiques<\/h2>\t\t\t\t<\/div>\n\t\t\t\t<\/div>\n\t\t\t\t<div class=\"elementor-element elementor-element-a406a8a elementor-widget-divider--view-line elementor-widget elementor-widget-divider\" data-id=\"a406a8a\" data-element_type=\"widget\" data-e-type=\"widget\" data-widget_type=\"divider.default\">\n\t\t\t\t<div class=\"elementor-widget-container\">\n\t\t\t\t\t\t\t<div class=\"elementor-divider\">\n\t\t\t<span class=\"elementor-divider-separator\">\n\t\t\t\t\t\t<\/span>\n\t\t<\/div>\n\t\t\t\t\t\t<\/div>\n\t\t\t\t<\/div>\n\t\t\t\t<div class=\"elementor-element elementor-element-75529bb elementor-widget elementor-widget-text-editor\" data-id=\"75529bb\" data-element_type=\"widget\" data-e-type=\"widget\" data-widget_type=\"text-editor.default\">\n\t\t\t\t<div class=\"elementor-widget-container\">\n\t\t\t\t\t\t\t\t\t<p>Les mises \u00e0 jour automatiques peuvent bloquer votre imprimante et vous faire perdre du temps et de l&#8217;argent.<\/p>\t\t\t\t\t\t\t\t<\/div>\n\t\t\t\t<\/div>\n\t\t\t\t\t<\/div>\n\t\t<\/div>\n\t\t\t\t\t<\/div>\n\t\t<\/section>\n\t\t\t\t<section class=\"elementor-section elementor-top-section elementor-element elementor-element-a27a27f elementor-section-boxed elementor-section-height-default elementor-section-height-default\" data-id=\"a27a27f\" data-element_type=\"section\" data-e-type=\"section\">\n\t\t\t\t\t\t<div class=\"elementor-container elementor-column-gap-default\">\n\t\t\t\t\t<div class=\"elementor-column elementor-col-50 elementor-top-column elementor-element elementor-element-8568dbd\" data-id=\"8568dbd\" data-element_type=\"column\" data-e-type=\"column\">\n\t\t\t<div class=\"elementor-widget-wrap elementor-element-populated\">\n\t\t\t\t\t\t<div class=\"elementor-element elementor-element-d972e41 elementor-widget elementor-widget-text-editor\" data-id=\"d972e41\" data-element_type=\"widget\" data-e-type=\"widget\" data-widget_type=\"text-editor.default\">\n\t\t\t\t<div class=\"elementor-widget-container\">\n\t\t\t\t\t\t\t\t\t<p>Les cartouches alternatives YRTS ont \u00e9t\u00e9 con\u00e7ues pour rendre l\u2019impression plus abordable, mais les fabricants d\u2019imprimantes ont d\u00e9cid\u00e9 qu\u2019ils voulaient vous faire payer le gros prix, en d\u00e9ployant une technologie qui bloque nos produits. Voici comment: \u00a0<br \/><br \/>Le param\u00e8tre par d\u00e9faut d\u2019une imprimante active les mises \u00e0 jour automatiques du micrologiciel, de sorte qu\u2019elles se produisent \u00e0 votre insu et sans votre consentement. Cela semble pratique, mais en r\u00e9alit\u00e9 ce ne l\u2019est pas. Ces mises \u00e0 jour n\u2019ont qu\u2019un seul but : d\u00e9tecter et bloquer l\u2019utilisation de cartouches alternatives, vous obligeant \u00e0 acheter les cartouches originales, co\u00fbteuses, vendues par le fabricant de l\u2019imprimante. En bloquant les cartouches alternatives, les mises \u00e0 jour automatiques du micrologiciel de votre imprimante augmenteront consid\u00e9rablement vos d\u00e9penses d\u2019impression et vous priveront de votre droit d\u2019\u00e9conomiser.<\/p>\t\t\t\t\t\t\t\t<\/div>\n\t\t\t\t<\/div>\n\t\t\t\t<div class=\"elementor-element elementor-element-56b229f elementor-widget elementor-widget-heading\" data-id=\"56b229f\" data-element_type=\"widget\" data-e-type=\"widget\" data-widget_type=\"heading.default\">\n\t\t\t\t<div class=\"elementor-widget-container\">\n\t\t\t\t\t<h2 class=\"elementor-heading-title elementor-size-default\">Les cartouches alternatives sont efficaces, l\u00e9gales et accessibles.\n<\/h2>\t\t\t\t<\/div>\n\t\t\t\t<\/div>\n\t\t\t\t<div class=\"elementor-element elementor-element-5f98d7b elementor-widget elementor-widget-text-editor\" data-id=\"5f98d7b\" data-element_type=\"widget\" data-e-type=\"widget\" data-widget_type=\"text-editor.default\">\n\t\t\t\t<div class=\"elementor-widget-container\">\n\t\t\t\t\t\t\t\t\t<p>Nous sommes l\u00e0 pour vous aidez, utilisez les outils disponibles et gratuits pour informer votre client\u00e8le.<\/p>\t\t\t\t\t\t\t\t<\/div>\n\t\t\t\t<\/div>\n\t\t\t\t\t<\/div>\n\t\t<\/div>\n\t\t\t\t<div class=\"elementor-column elementor-col-50 elementor-top-column elementor-element elementor-element-f2d4002\" data-id=\"f2d4002\" data-element_type=\"column\" data-e-type=\"column\">\n\t\t\t<div class=\"elementor-widget-wrap elementor-element-populated\">\n\t\t\t\t\t\t<div class=\"elementor-element elementor-element-b5acf9b elementor-widget elementor-widget-image\" data-id=\"b5acf9b\" data-element_type=\"widget\" data-e-type=\"widget\" data-widget_type=\"image.default\">\n\t\t\t\t<div class=\"elementor-widget-container\">\n\t\t\t\t\t\t\t\t\t\t\t\t\t\t\t<img fetchpriority=\"high\" decoding=\"async\" width=\"1660\" height=\"1028\" src=\"https:\/\/www.yrts.info\/wp-content\/uploads\/2026\/03\/02-boites_yrts.jpg\" class=\"attachment-full size-full wp-image-9777\" alt=\"\" srcset=\"https:\/\/www.yrts.info\/wp-content\/uploads\/2026\/03\/02-boites_yrts.jpg 1660w, https:\/\/www.yrts.info\/wp-content\/uploads\/2026\/03\/02-boites_yrts-300x186.jpg 300w, https:\/\/www.yrts.info\/wp-content\/uploads\/2026\/03\/02-boites_yrts-1024x634.jpg 1024w, https:\/\/www.yrts.info\/wp-content\/uploads\/2026\/03\/02-boites_yrts-768x476.jpg 768w, https:\/\/www.yrts.info\/wp-content\/uploads\/2026\/03\/02-boites_yrts-1536x951.jpg 1536w, https:\/\/www.yrts.info\/wp-content\/uploads\/2026\/03\/02-boites_yrts-825x510.jpg 825w\" sizes=\"(max-width: 1660px) 100vw, 1660px\" \/>\t\t\t\t\t\t\t\t\t\t\t\t\t\t\t<\/div>\n\t\t\t\t<\/div>\n\t\t\t\t\t<\/div>\n\t\t<\/div>\n\t\t\t\t\t<\/div>\n\t\t<\/section>\n\t\t\t\t<section class=\"elementor-section elementor-top-section elementor-element elementor-element-9bedab7 elementor-section-boxed elementor-section-height-default elementor-section-height-default\" data-id=\"9bedab7\" data-element_type=\"section\" data-e-type=\"section\">\n\t\t\t\t\t\t<div class=\"elementor-container elementor-column-gap-default\">\n\t\t\t\t\t<div class=\"elementor-column elementor-col-100 elementor-top-column elementor-element elementor-element-47df5a8\" data-id=\"47df5a8\" data-element_type=\"column\" data-e-type=\"column\">\n\t\t\t<div class=\"elementor-widget-wrap elementor-element-populated\">\n\t\t\t\t\t\t<div class=\"elementor-element elementor-element-b732aba elementor-widget-divider--view-line elementor-widget elementor-widget-divider\" data-id=\"b732aba\" data-element_type=\"widget\" data-e-type=\"widget\" data-widget_type=\"divider.default\">\n\t\t\t\t<div class=\"elementor-widget-container\">\n\t\t\t\t\t\t\t<div class=\"elementor-divider\">\n\t\t\t<span class=\"elementor-divider-separator\">\n\t\t\t\t\t\t<\/span>\n\t\t<\/div>\n\t\t\t\t\t\t<\/div>\n\t\t\t\t<\/div>\n\t\t\t\t<div class=\"elementor-element elementor-element-e848450 elementor-widget elementor-widget-heading\" data-id=\"e848450\" data-element_type=\"widget\" data-e-type=\"widget\" data-widget_type=\"heading.default\">\n\t\t\t\t<div class=\"elementor-widget-container\">\n\t\t\t\t\t<h2 class=\"elementor-heading-title elementor-size-default\">1.T\u00c9L\u00c9CHARGEZ LA BANNI\u00c8RE\n<\/h2>\t\t\t\t<\/div>\n\t\t\t\t<\/div>\n\t\t\t\t\t<\/div>\n\t\t<\/div>\n\t\t\t\t\t<\/div>\n\t\t<\/section>\n\t\t\t\t<section class=\"elementor-section elementor-top-section elementor-element elementor-element-bdcf91e elementor-section-boxed elementor-section-height-default elementor-section-height-default\" data-id=\"bdcf91e\" data-element_type=\"section\" data-e-type=\"section\">\n\t\t\t\t\t\t<div class=\"elementor-container elementor-column-gap-default\">\n\t\t\t\t\t<div class=\"elementor-column elementor-col-100 elementor-top-column elementor-element elementor-element-e34c823\" data-id=\"e34c823\" data-element_type=\"column\" data-e-type=\"column\">\n\t\t\t<div class=\"elementor-widget-wrap elementor-element-populated\">\n\t\t\t\t\t\t<div class=\"elementor-element elementor-element-e9fddc8 elementor-widget elementor-widget-image\" data-id=\"e9fddc8\" data-element_type=\"widget\" data-e-type=\"widget\" data-widget_type=\"image.default\">\n\t\t\t\t<div class=\"elementor-widget-container\">\n\t\t\t\t\t\t\t\t\t\t\t\t\t\t\t<img decoding=\"async\" width=\"1140\" height=\"235\" src=\"https:\/\/www.yrts.info\/wp-content\/uploads\/2026\/03\/FR-banniere-produits-YRTS.jpg\" class=\"attachment-full size-full wp-image-9778\" alt=\"\" srcset=\"https:\/\/www.yrts.info\/wp-content\/uploads\/2026\/03\/FR-banniere-produits-YRTS.jpg 1140w, https:\/\/www.yrts.info\/wp-content\/uploads\/2026\/03\/FR-banniere-produits-YRTS-300x62.jpg 300w, https:\/\/www.yrts.info\/wp-content\/uploads\/2026\/03\/FR-banniere-produits-YRTS-1024x211.jpg 1024w, https:\/\/www.yrts.info\/wp-content\/uploads\/2026\/03\/FR-banniere-produits-YRTS-768x158.jpg 768w\" sizes=\"(max-width: 1140px) 100vw, 1140px\" \/>\t\t\t\t\t\t\t\t\t\t\t\t\t\t\t<\/div>\n\t\t\t\t<\/div>\n\t\t\t\t\t<\/div>\n\t\t<\/div>\n\t\t\t\t\t<\/div>\n\t\t<\/section>\n\t\t\t\t<section class=\"elementor-section elementor-top-section elementor-element elementor-element-e5256bf elementor-section-boxed elementor-section-height-default elementor-section-height-default\" data-id=\"e5256bf\" data-element_type=\"section\" data-e-type=\"section\">\n\t\t\t\t\t\t<div class=\"elementor-container elementor-column-gap-default\">\n\t\t\t\t\t<div class=\"elementor-column elementor-col-50 elementor-top-column elementor-element elementor-element-5bdbb89\" data-id=\"5bdbb89\" data-element_type=\"column\" data-e-type=\"column\">\n\t\t\t<div class=\"elementor-widget-wrap elementor-element-populated\">\n\t\t\t\t\t\t<div class=\"elementor-element elementor-element-8dd2287 elementor-widget elementor-widget-heading\" data-id=\"8dd2287\" data-element_type=\"widget\" data-e-type=\"widget\" data-widget_type=\"heading.default\">\n\t\t\t\t<div class=\"elementor-widget-container\">\n\t\t\t\t\t<h2 class=\"elementor-heading-title elementor-size-default\">2. DISTRIBUEZ L'INFO \u00c0 VOS CLIENTS.<\/h2>\t\t\t\t<\/div>\n\t\t\t\t<\/div>\n\t\t\t\t<div class=\"elementor-element elementor-element-299f0a1 elementor-widget elementor-widget-image\" data-id=\"299f0a1\" data-element_type=\"widget\" data-e-type=\"widget\" data-widget_type=\"image.default\">\n\t\t\t\t<div class=\"elementor-widget-container\">\n\t\t\t\t\t\t\t\t\t\t\t\t\t\t\t<img decoding=\"async\" width=\"700\" height=\"567\" src=\"https:\/\/www.yrts.info\/wp-content\/uploads\/2026\/03\/04-flyers-yrts-1024x829.jpg\" class=\"attachment-large size-large wp-image-9779\" alt=\"\" srcset=\"https:\/\/www.yrts.info\/wp-content\/uploads\/2026\/03\/04-flyers-yrts-1024x829.jpg 1024w, https:\/\/www.yrts.info\/wp-content\/uploads\/2026\/03\/04-flyers-yrts-300x243.jpg 300w, https:\/\/www.yrts.info\/wp-content\/uploads\/2026\/03\/04-flyers-yrts-768x622.jpg 768w, https:\/\/www.yrts.info\/wp-content\/uploads\/2026\/03\/04-flyers-yrts-1536x1244.jpg 1536w, https:\/\/www.yrts.info\/wp-content\/uploads\/2026\/03\/04-flyers-yrts.jpg 1660w\" sizes=\"(max-width: 700px) 100vw, 700px\" \/>\t\t\t\t\t\t\t\t\t\t\t\t\t\t\t<\/div>\n\t\t\t\t<\/div>\n\t\t\t\t<div class=\"elementor-element elementor-element-5db4bd8 elementor-widget elementor-widget-heading\" data-id=\"5db4bd8\" data-element_type=\"widget\" data-e-type=\"widget\" data-widget_type=\"heading.default\">\n\t\t\t\t<div class=\"elementor-widget-container\">\n\t\t\t\t\t<h2 class=\"elementor-heading-title elementor-size-default\"><a href=\"https:\/\/www.nu-toneco.com\/site\/assets\/YRTS_FRetEN-PRINTOFFICE.pdf\">T\u00c9L\u00c9CHARGER LA BROCHURE<\/a><\/h2>\t\t\t\t<\/div>\n\t\t\t\t<\/div>\n\t\t\t\t\t<\/div>\n\t\t<\/div>\n\t\t\t\t<div class=\"elementor-column elementor-col-50 elementor-top-column elementor-element elementor-element-e97b9e8\" data-id=\"e97b9e8\" data-element_type=\"column\" data-e-type=\"column\">\n\t\t\t<div class=\"elementor-widget-wrap elementor-element-populated\">\n\t\t\t\t\t\t<div class=\"elementor-element elementor-element-f40cf51 elementor-widget elementor-widget-heading\" data-id=\"f40cf51\" data-element_type=\"widget\" data-e-type=\"widget\" data-widget_type=\"heading.default\">\n\t\t\t\t<div class=\"elementor-widget-container\">\n\t\t\t\t\t<h2 class=\"elementor-heading-title elementor-size-default\">3. VISITEZ ET PARTAGEZ LE SITE WEB DE YRTS.<\/h2>\t\t\t\t<\/div>\n\t\t\t\t<\/div>\n\t\t\t\t<div class=\"elementor-element elementor-element-d45d407 elementor-widget elementor-widget-image\" data-id=\"d45d407\" data-element_type=\"widget\" data-e-type=\"widget\" data-widget_type=\"image.default\">\n\t\t\t\t<div class=\"elementor-widget-container\">\n\t\t\t\t\t\t\t\t\t\t\t\t\t\t\t<img loading=\"lazy\" decoding=\"async\" width=\"700\" height=\"567\" src=\"https:\/\/www.yrts.info\/wp-content\/uploads\/2026\/03\/05-mac-FR-1024x829.jpg\" class=\"attachment-large size-large wp-image-9780\" alt=\"\" srcset=\"https:\/\/www.yrts.info\/wp-content\/uploads\/2026\/03\/05-mac-FR-1024x829.jpg 1024w, https:\/\/www.yrts.info\/wp-content\/uploads\/2026\/03\/05-mac-FR-300x243.jpg 300w, https:\/\/www.yrts.info\/wp-content\/uploads\/2026\/03\/05-mac-FR-768x622.jpg 768w, https:\/\/www.yrts.info\/wp-content\/uploads\/2026\/03\/05-mac-FR-1536x1244.jpg 1536w, https:\/\/www.yrts.info\/wp-content\/uploads\/2026\/03\/05-mac-FR.jpg 1660w\" sizes=\"(max-width: 700px) 100vw, 700px\" \/>\t\t\t\t\t\t\t\t\t\t\t\t\t\t\t<\/div>\n\t\t\t\t<\/div>\n\t\t\t\t<div class=\"elementor-element elementor-element-b57eeba elementor-widget elementor-widget-heading\" data-id=\"b57eeba\" data-element_type=\"widget\" data-e-type=\"widget\" data-widget_type=\"heading.default\">\n\t\t\t\t<div class=\"elementor-widget-container\">\n\t\t\t\t\t<h2 class=\"elementor-heading-title elementor-size-default\"><a href=\"https:\/\/www.yrts.info\/fr\/\">VISITER LE SITE YRTS<\/a><\/h2>\t\t\t\t<\/div>\n\t\t\t\t<\/div>\n\t\t\t\t\t<\/div>\n\t\t<\/div>\n\t\t\t\t\t<\/div>\n\t\t<\/section>\n\t\t\t\t<\/div>\n\t\t","protected":false},"excerpt":{"rendered":"<p>DITES &#8221;NON&#8221; aux mises \u00e0 jour automatiques Les mises \u00e0 jour automatiques peuvent bloquer votre imprimante et vous faire perdre du temps et de l&#8217;argent. Les cartouches alternatives YRTS ont \u00e9t\u00e9 con\u00e7ues pour rendre l\u2019impression plus abordable, mais les fabricants d\u2019imprimantes ont d\u00e9cid\u00e9 qu\u2019ils voulaient vous faire payer le gros prix, en d\u00e9ployant une technologie [&hellip;]<\/p>\n","protected":false},"author":1,"featured_media":0,"parent":0,"menu_order":0,"comment_status":"closed","ping_status":"closed","template":"elementor_header_footer","meta":{"footnotes":""},"class_list":["post-9718","page","type-page","status-publish","hentry"],"yoast_head":"<!-- This site is optimized with the Yoast SEO plugin v27.5 - https:\/\/yoast.com\/product\/yoast-seo-wordpress\/ -->\n<title>Programme YRTS - YRTS<\/title>\n<meta name=\"robots\" content=\"index, follow, max-snippet:-1, max-image-preview:large, max-video-preview:-1\" \/>\n<link rel=\"canonical\" href=\"https:\/\/www.yrts.info\/fr\/programme-yrts-2\/\" \/>\n<meta property=\"og:locale\" content=\"fr_FR\" \/>\n<meta property=\"og:type\" content=\"article\" \/>\n<meta property=\"og:title\" content=\"Programme YRTS - YRTS\" \/>\n<meta property=\"og:description\" content=\"DITES &#8221;NON&#8221; aux mises \u00e0 jour automatiques Les mises \u00e0 jour automatiques peuvent bloquer votre imprimante et vous faire perdre du temps et de l&#8217;argent. Les cartouches alternatives YRTS ont \u00e9t\u00e9 con\u00e7ues pour rendre l\u2019impression plus abordable, mais les fabricants d\u2019imprimantes ont d\u00e9cid\u00e9 qu\u2019ils voulaient vous faire payer le gros prix, en d\u00e9ployant une technologie [&hellip;]\" \/>\n<meta property=\"og:url\" content=\"https:\/\/www.yrts.info\/fr\/programme-yrts-2\/\" \/>\n<meta property=\"og:site_name\" content=\"YRTS\" \/>\n<meta property=\"article:modified_time\" content=\"2026-03-16T15:43:18+00:00\" \/>\n<meta property=\"og:image\" content=\"https:\/\/www.yrts.info\/wp-content\/uploads\/2026\/03\/02-boites_yrts.jpg\" \/>\n\t<meta property=\"og:image:width\" content=\"1660\" \/>\n\t<meta property=\"og:image:height\" content=\"1028\" \/>\n\t<meta property=\"og:image:type\" content=\"image\/jpeg\" \/>\n<meta name=\"twitter:card\" content=\"summary_large_image\" \/>\n<meta name=\"twitter:label1\" content=\"Dur\u00e9e de lecture estim\u00e9e\" \/>\n\t<meta name=\"twitter:data1\" content=\"2 minutes\" \/>\n<script type=\"application\/ld+json\" class=\"yoast-schema-graph\">{\"@context\":\"https:\\\/\\\/schema.org\",\"@graph\":[{\"@type\":\"WebPage\",\"@id\":\"https:\\\/\\\/www.yrts.info\\\/fr\\\/programme-yrts-2\\\/\",\"url\":\"https:\\\/\\\/www.yrts.info\\\/fr\\\/programme-yrts-2\\\/\",\"name\":\"Programme YRTS - YRTS\",\"isPartOf\":{\"@id\":\"https:\\\/\\\/www.yrts.info\\\/#website\"},\"primaryImageOfPage\":{\"@id\":\"https:\\\/\\\/www.yrts.info\\\/fr\\\/programme-yrts-2\\\/#primaryimage\"},\"image\":{\"@id\":\"https:\\\/\\\/www.yrts.info\\\/fr\\\/programme-yrts-2\\\/#primaryimage\"},\"thumbnailUrl\":\"https:\\\/\\\/www.yrts.info\\\/wp-content\\\/uploads\\\/2026\\\/03\\\/02-boites_yrts.jpg\",\"datePublished\":\"2026-01-05T20:00:09+00:00\",\"dateModified\":\"2026-03-16T15:43:18+00:00\",\"breadcrumb\":{\"@id\":\"https:\\\/\\\/www.yrts.info\\\/fr\\\/programme-yrts-2\\\/#breadcrumb\"},\"inLanguage\":\"fr-FR\",\"potentialAction\":[{\"@type\":\"ReadAction\",\"target\":[\"https:\\\/\\\/www.yrts.info\\\/fr\\\/programme-yrts-2\\\/\"]}]},{\"@type\":\"ImageObject\",\"inLanguage\":\"fr-FR\",\"@id\":\"https:\\\/\\\/www.yrts.info\\\/fr\\\/programme-yrts-2\\\/#primaryimage\",\"url\":\"https:\\\/\\\/www.yrts.info\\\/wp-content\\\/uploads\\\/2026\\\/03\\\/02-boites_yrts.jpg\",\"contentUrl\":\"https:\\\/\\\/www.yrts.info\\\/wp-content\\\/uploads\\\/2026\\\/03\\\/02-boites_yrts.jpg\"},{\"@type\":\"BreadcrumbList\",\"@id\":\"https:\\\/\\\/www.yrts.info\\\/fr\\\/programme-yrts-2\\\/#breadcrumb\",\"itemListElement\":[{\"@type\":\"ListItem\",\"position\":1,\"name\":\"Home\",\"item\":\"https:\\\/\\\/www.yrts.info\\\/\"},{\"@type\":\"ListItem\",\"position\":2,\"name\":\"Programme YRTS\"}]},{\"@type\":\"WebSite\",\"@id\":\"https:\\\/\\\/www.yrts.info\\\/#website\",\"url\":\"https:\\\/\\\/www.yrts.info\\\/\",\"name\":\"YRTS\",\"description\":\"Your Right To Save\",\"potentialAction\":[{\"@type\":\"SearchAction\",\"target\":{\"@type\":\"EntryPoint\",\"urlTemplate\":\"https:\\\/\\\/www.yrts.info\\\/?s={search_term_string}\"},\"query-input\":{\"@type\":\"PropertyValueSpecification\",\"valueRequired\":true,\"valueName\":\"search_term_string\"}}],\"inLanguage\":\"fr-FR\"}]}<\/script>\n<!-- \/ Yoast SEO plugin. -->","yoast_head_json":{"title":"Programme YRTS - YRTS","robots":{"index":"index","follow":"follow","max-snippet":"max-snippet:-1","max-image-preview":"max-image-preview:large","max-video-preview":"max-video-preview:-1"},"canonical":"https:\/\/www.yrts.info\/fr\/programme-yrts-2\/","og_locale":"fr_FR","og_type":"article","og_title":"Programme YRTS - YRTS","og_description":"DITES &#8221;NON&#8221; aux mises \u00e0 jour automatiques Les mises \u00e0 jour automatiques peuvent bloquer votre imprimante et vous faire perdre du temps et de l&#8217;argent. Les cartouches alternatives YRTS ont \u00e9t\u00e9 con\u00e7ues pour rendre l\u2019impression plus abordable, mais les fabricants d\u2019imprimantes ont d\u00e9cid\u00e9 qu\u2019ils voulaient vous faire payer le gros prix, en d\u00e9ployant une technologie [&hellip;]","og_url":"https:\/\/www.yrts.info\/fr\/programme-yrts-2\/","og_site_name":"YRTS","article_modified_time":"2026-03-16T15:43:18+00:00","og_image":[{"width":1660,"height":1028,"url":"https:\/\/www.yrts.info\/wp-content\/uploads\/2026\/03\/02-boites_yrts.jpg","type":"image\/jpeg"}],"twitter_card":"summary_large_image","twitter_misc":{"Dur\u00e9e de lecture estim\u00e9e":"2 minutes"},"schema":{"@context":"https:\/\/schema.org","@graph":[{"@type":"WebPage","@id":"https:\/\/www.yrts.info\/fr\/programme-yrts-2\/","url":"https:\/\/www.yrts.info\/fr\/programme-yrts-2\/","name":"Programme YRTS - YRTS","isPartOf":{"@id":"https:\/\/www.yrts.info\/#website"},"primaryImageOfPage":{"@id":"https:\/\/www.yrts.info\/fr\/programme-yrts-2\/#primaryimage"},"image":{"@id":"https:\/\/www.yrts.info\/fr\/programme-yrts-2\/#primaryimage"},"thumbnailUrl":"https:\/\/www.yrts.info\/wp-content\/uploads\/2026\/03\/02-boites_yrts.jpg","datePublished":"2026-01-05T20:00:09+00:00","dateModified":"2026-03-16T15:43:18+00:00","breadcrumb":{"@id":"https:\/\/www.yrts.info\/fr\/programme-yrts-2\/#breadcrumb"},"inLanguage":"fr-FR","potentialAction":[{"@type":"ReadAction","target":["https:\/\/www.yrts.info\/fr\/programme-yrts-2\/"]}]},{"@type":"ImageObject","inLanguage":"fr-FR","@id":"https:\/\/www.yrts.info\/fr\/programme-yrts-2\/#primaryimage","url":"https:\/\/www.yrts.info\/wp-content\/uploads\/2026\/03\/02-boites_yrts.jpg","contentUrl":"https:\/\/www.yrts.info\/wp-content\/uploads\/2026\/03\/02-boites_yrts.jpg"},{"@type":"BreadcrumbList","@id":"https:\/\/www.yrts.info\/fr\/programme-yrts-2\/#breadcrumb","itemListElement":[{"@type":"ListItem","position":1,"name":"Home","item":"https:\/\/www.yrts.info\/"},{"@type":"ListItem","position":2,"name":"Programme YRTS"}]},{"@type":"WebSite","@id":"https:\/\/www.yrts.info\/#website","url":"https:\/\/www.yrts.info\/","name":"YRTS","description":"Your Right To Save","potentialAction":[{"@type":"SearchAction","target":{"@type":"EntryPoint","urlTemplate":"https:\/\/www.yrts.info\/?s={search_term_string}"},"query-input":{"@type":"PropertyValueSpecification","valueRequired":true,"valueName":"search_term_string"}}],"inLanguage":"fr-FR"}]}},"_links":{"self":[{"href":"https:\/\/www.yrts.info\/fr\/wp-json\/wp\/v2\/pages\/9718","targetHints":{"allow":["GET"]}}],"collection":[{"href":"https:\/\/www.yrts.info\/fr\/wp-json\/wp\/v2\/pages"}],"about":[{"href":"https:\/\/www.yrts.info\/fr\/wp-json\/wp\/v2\/types\/page"}],"author":[{"embeddable":true,"href":"https:\/\/www.yrts.info\/fr\/wp-json\/wp\/v2\/users\/1"}],"replies":[{"embeddable":true,"href":"https:\/\/www.yrts.info\/fr\/wp-json\/wp\/v2\/comments?post=9718"}],"version-history":[{"count":7,"href":"https:\/\/www.yrts.info\/fr\/wp-json\/wp\/v2\/pages\/9718\/revisions"}],"predecessor-version":[{"id":9783,"href":"https:\/\/www.yrts.info\/fr\/wp-json\/wp\/v2\/pages\/9718\/revisions\/9783"}],"wp:attachment":[{"href":"https:\/\/www.yrts.info\/fr\/wp-json\/wp\/v2\/media?parent=9718"}],"curies":[{"name":"wp","href":"https:\/\/api.w.org\/{rel}","templated":true}]}}